{"id":1288,"date":"2020-07-06T12:21:55","date_gmt":"2020-07-06T10:21:55","guid":{"rendered":"https:\/\/www.alfaelettronica.com\/ae\/?page_id=1288"},"modified":"2020-07-06T15:09:54","modified_gmt":"2020-07-06T13:09:54","slug":"prototyping-integrierter-elektromechanischer-baugruppen","status":"publish","type":"page","link":"https:\/\/www.alfaelettronica.com\/de\/prototyping-integrierter-elektromechanischer-baugruppen\/","title":{"rendered":"Prototyping integrierter elektromechanischer Baugruppen"},"content":{"rendered":"<section class=\"wpb-content-wrapper\"><p>[vc_section el_class=&#8220;section&#8211;seoinfo&#8220;][vc_row][vc_column][vc_custom_heading text=&#8220;Prototyping integrierter elektromechanischer Baugruppen<br \/>\n&#8220; font_container=&#8220;tag:h1|text_align:left&#8220;][vc_custom_heading text=&#8220;Prototyping integrierter elektromechanischer Baugruppen | Alfa Elettronica<br \/>\n&#8222;][vc_column_text]<\/p>\n<p class=\"section--text\">die aufmerksame und flexible anpassung des jeweiligen angebots. F\u00fcr Alfa Elettronica bedeutet das Wort \u201eDienstleistung\u201c. F\u00fcr uns umfasst die Planung sowohl die Entwicklung neuer Ideen mit der konkreten F\u00e4higkeit, Probleme zu l\u00f6sen und Antworten vorwegzunehmen als auch die Unterst\u00fctzung und Industrialisierung der Kundenvorschl\u00e4ge mit gezielten L\u00f6sungen, wozu auch die sorgf\u00e4ltige Auswahl der geeignetsten Bauteile f\u00fcr eine eventuell erforderliche alternative Umsetzung des Originalprojekts geh\u00f6rt. Wir k\u00fcmmern uns auch um die logistischen Aspekte des Produktionsprozesses: Die homologierten Bauteile werden direkt erworben und w\u00e4hrend ihres gesamten Lebenszyklus verwaltet. Sollten Sie weitere Informationen dazu w\u00fcnschen, wie Ihnen Alfa Elettronica bei der Entwicklung und Konkretisierung Ihrer Projekte zur industriellen Automation zur Seite stehen k\u00f6nnte, dann \u00fcbermitteln Sie uns bitte das auf der Seite Kontakt verf\u00fcgbare Formular.<\/p>\n<p>[\/vc_column_text][vc_btn title=&#8220;Online-Angebot&#8220; color=&#8220;sky&#8220; align=&#8220;left&#8220; i_icon_fontawesome=&#8220;fa fa-pencil-square-o&#8220; add_icon=&#8220;true&#8220; link=&#8220;url:http%3A%2F%2Fprototipi.alfaelettronica.com%2F|title:Preventivazione%20online|target:%20_blank|&#8220; css=&#8220;.vc_custom_1594029477440{margin-top: 40px !important;}&#8220;][\/vc_column][\/vc_row][\/vc_section][vc_section el_class=&#8220;section&#8211;contact&#8220;][vc_row][vc_column][vc_column_text]<\/p>\n<div class=\"section--title\" style=\"text-align: center;\">\n<h2><b>Kontakt<\/b>F\u00fcr weitere Informationen kontaktieren Sie uns, indem Sie das folgende Formular ausf\u00fcllen:<\/h2>\n<\/div>\n<p>[\/vc_column_text]<div role=\"form\" class=\"wpcf7\" id=\"wpcf7-f1210-o1\" lang=\"it-IT\" dir=\"ltr\">\n<div class=\"screen-reader-response\"><p role=\"status\" aria-live=\"polite\" aria-atomic=\"true\"><\/p> <ul><\/ul><\/div>\n<form action=\"\/de\/wp-json\/wp\/v2\/pages\/1288#wpcf7-f1210-o1\" method=\"post\" class=\"wpcf7-form init\" novalidate=\"novalidate\" data-status=\"init\">\n<div style=\"display: none;\">\n<input type=\"hidden\" name=\"_wpcf7\" value=\"1210\" \/>\n<input type=\"hidden\" name=\"_wpcf7_version\" value=\"5.6\" \/>\n<input type=\"hidden\" name=\"_wpcf7_locale\" value=\"it_IT\" \/>\n<input type=\"hidden\" name=\"_wpcf7_unit_tag\" value=\"wpcf7-f1210-o1\" \/>\n<input type=\"hidden\" name=\"_wpcf7_container_post\" value=\"0\" \/>\n<input type=\"hidden\" name=\"_wpcf7_posted_data_hash\" value=\"\" \/>\n<input type=\"hidden\" name=\"_wpcf7cf_hidden_group_fields\" value=\"[]\" \/>\n<input type=\"hidden\" name=\"_wpcf7cf_hidden_groups\" value=\"[]\" \/>\n<input type=\"hidden\" name=\"_wpcf7cf_visible_groups\" value=\"[]\" \/>\n<input type=\"hidden\" name=\"_wpcf7cf_repeaters\" value=\"[]\" \/>\n<input type=\"hidden\" name=\"_wpcf7cf_steps\" value=\"{}\" \/>\n<input type=\"hidden\" name=\"_wpcf7cf_options\" value=\"{&quot;form_id&quot;:1210,&quot;conditions&quot;:[],&quot;settings&quot;:{&quot;animation&quot;:&quot;yes&quot;,&quot;animation_intime&quot;:200,&quot;animation_outtime&quot;:200,&quot;conditions_ui&quot;:&quot;normal&quot;,&quot;notice_dismissed&quot;:false,&quot;notice_dismissed_update-cf7-6.1.5&quot;:true}}\" \/>\n<\/div>\n<div class=\"content-column one_half\"><div style=\"padding-right:18px;\"><span class=\"wpcf7-form-control-wrap\" data-name=\"your-name\"><input type=\"text\" name=\"your-name\" value=\"\" size=\"40\" class=\"wpcf7-form-control wpcf7-text wpcf7-validates-as-required\" aria-required=\"true\" aria-invalid=\"false\" placeholder=\"Name_\" \/><\/span><\/div><\/div>\n   <div class=\"content-column one_half last_column\"><span class=\"wpcf7-form-control-wrap\" data-name=\"your-surname\"><input type=\"text\" name=\"your-surname\" value=\"\" size=\"40\" class=\"wpcf7-form-control wpcf7-text wpcf7-validates-as-required\" aria-required=\"true\" aria-invalid=\"false\" placeholder=\"Familienname_\" \/><\/span><\/div><div class=\"clear_column\"><\/div>\n\n<div class=\"content-column full_width\"><div><span class=\"wpcf7-form-control-wrap\" data-name=\"your-company\"><input type=\"text\" name=\"your-company\" value=\"\" size=\"40\" class=\"wpcf7-form-control wpcf7-text\" aria-invalid=\"false\" placeholder=\"Unternehmen_\" \/><\/span><\/div><\/div>\n\n<div class=\"content-column one_half\"><div style=\"padding-right:18px;\"><span class=\"wpcf7-form-control-wrap\" data-name=\"your-telephone\"><input type=\"text\" name=\"your-telephone\" value=\"\" size=\"40\" class=\"wpcf7-form-control wpcf7-text wpcf7-validates-as-required\" aria-required=\"true\" aria-invalid=\"false\" placeholder=\"Telefonnummer_\" \/><\/span><\/div><\/div> \n<div class=\"content-column one_half last_column\"><span class=\"wpcf7-form-control-wrap\" data-name=\"your-email\"><input type=\"email\" name=\"your-email\" value=\"\" size=\"40\" class=\"wpcf7-form-control wpcf7-text wpcf7-email wpcf7-validates-as-required wpcf7-validates-as-email\" aria-required=\"true\" aria-invalid=\"false\" placeholder=\"E-mail-adresse_\" \/><\/span><\/div><div class=\"clear_column\"><\/div>\n\n<span class=\"wpcf7-form-control-wrap\" data-name=\"your-message\"><textarea name=\"your-message\" cols=\"40\" rows=\"10\" class=\"wpcf7-form-control wpcf7-textarea\" aria-invalid=\"false\" placeholder=\"Anmerkungen_\"><\/textarea><\/span> \n\n<div style=\"color:white;\"><span class=\"wpcf7-form-control-wrap\" data-name=\"capital-quiz\"><label><span class=\"wpcf7-quiz-label\">ANTISPAM: Welche Zahl ist gr\u00f6\u00dfer, 1 oder 2?<\/span> <input type=\"text\" name=\"capital-quiz\" size=\"40\" class=\"wpcf7-form-control wpcf7-quiz\" id=\"qatest\" autocomplete=\"off\" aria-required=\"true\" aria-invalid=\"false\" \/><\/label><input type=\"hidden\" name=\"_wpcf7_quiz_answer_capital-quiz\" value=\"e856a3c30de378eae61bc3abc28b7f65\" \/><\/span><\/div>\n\n<span class=\"wpcf7-form-control-wrap\" data-name=\"privacy_accept\"><span class=\"wpcf7-form-control wpcf7-acceptance\"><span class=\"wpcf7-list-item\"><label><input type=\"checkbox\" name=\"privacy_accept\" value=\"1\" aria-invalid=\"false\" \/><span class=\"wpcf7-list-item-label\">(Erforderlich) Ich erlaube die Verarbeitung meiner pers\u00f6nlichen Daten gem\u00e4\u00df Punkt 1 und 2 <a href=\"\/de\/privacy-policy\" target=\"_blank\">des hier sichtbaren Dokuments<\/a>.<\/span><\/label><\/span><\/span><\/span>\n<span class=\"wpcf7-form-control-wrap\" data-name=\"newsletter_accept\"><span class=\"wpcf7-form-control wpcf7-acceptance optional\"><span class=\"wpcf7-list-item\"><label><input type=\"checkbox\" name=\"newsletter_accept\" value=\"1\" aria-invalid=\"false\" \/><span class=\"wpcf7-list-item-label\">Ich m\u00f6chte den elektronischen Newsletter abonnieren und die Verarbeitung meiner personenbezogenen Daten zur Durchf\u00fchrung von Umfragen zum Grad der Kundenzufriedenheit und zur Qualit\u00e4t der angebotenen Dienste sowie zum Versenden von E-Mails zu Informations-, Werbe- und Werbezwecken genehmigen. <a href=\"\/de\/privacy-policy\" target=\"_blank\">Die Verfahren zur Datenverarbeitung sind hier verf\u00fcgbar<\/a>.<\/span><\/label><\/span><\/span><\/span>\n<span id=\"wpcf7-69e335613ac91-wrapper\" class=\"wpcf7-form-control-wrap email-h-wrap\" ><label for=\"wpcf7-69e335613ac91-field\" class=\"hp-message\">Bitte lasse dieses Feld leer.<\/label><input id=\"wpcf7-69e335613ac91-field\"  class=\"wpcf7-form-control wpcf7-text\" type=\"text\" name=\"email-h\" value=\"\" size=\"40\" tabindex=\"-1\" autocomplete=\"new-password\" \/><\/span>\n<div class=\"form--submit\">\n<div class=\"form--button\"><input type=\"submit\" value=\"Senden\" class=\"wpcf7-form-control has-spinner wpcf7-submit\" \/><img src=\"\/ae\/wp-content\/uploads\/2020\/05\/icon_send.png\"\/><\/div>\n<\/div><p style=\"display: none !important;\" class=\"akismet-fields-container\" data-prefix=\"_wpcf7_ak_\"><label>&#916;<textarea name=\"_wpcf7_ak_hp_textarea\" cols=\"45\" rows=\"8\" maxlength=\"100\"><\/textarea><\/label><input type=\"hidden\" id=\"ak_js_1\" name=\"_wpcf7_ak_js\" value=\"104\"\/><script>document.getElementById( \"ak_js_1\" ).setAttribute( \"value\", ( new Date() ).getTime() );<\/script><\/p><div class=\"wpcf7-response-output\" aria-hidden=\"true\"><\/div><\/form><\/div>[\/vc_column][\/vc_row][\/vc_section]<\/p>\n<\/section>","protected":false},"excerpt":{"rendered":"<p>[vc_section el_class=&#8220;section&#8211;seoinfo&#8220;][vc_row][vc_column][vc_custom_heading text=&#8220;Prototyping integrierter elektromechanischer Baugruppen &#8220; font_container=&#8220;tag:h1|text_align:left&#8220;][vc_custom_heading text=&#8220;Prototyping integrierter elektromechanischer Baugruppen | Alfa Elettronica &#8222;][vc_column_text] die aufmerksame und flexible anpassung des jeweiligen angebots. F\u00fcr Alfa Elettronica bedeutet das Wort \u201eDienstleistung\u201c. F\u00fcr uns umfasst die Planung sowohl die Entwicklung neuer Ideen mit der konkreten F\u00e4higkeit, Probleme zu l\u00f6sen und Antworten vorwegzunehmen als auch die Unterst\u00fctzung [&hellip;]<\/p>\n","protected":false},"author":3,"featured_media":0,"parent":0,"menu_order":0,"comment_status":"closed","ping_status":"closed","template":"","meta":{"footnotes":""},"acf":[],"yoast_head":"<!-- This site is optimized with the Yoast SEO plugin v22.6 - https:\/\/yoast.com\/wordpress\/plugins\/seo\/ -->\n<title>Prototyping integrierter elektromechanischer Baugruppen - Alfa Elettronica<\/title>\n<meta name=\"description\" content=\"[vc_section el_class=&quot;section--seoinfo&quot;][vc_row][vc_column][vc_custom_heading text=&quot;Prototyping integrierter elektromechanischer Baugruppen &quot; font_containe\" \/>\n<meta name=\"robots\" content=\"index, follow, max-snippet:-1, max-image-preview:large, max-video-preview:-1\" \/>\n<link rel=\"canonical\" href=\"https:\/\/www.alfaelettronica.com\/de\/prototyping-integrierter-elektromechanischer-baugruppen\/\" \/>\n<meta property=\"og:locale\" content=\"de_DE\" \/>\n<meta property=\"og:type\" content=\"article\" \/>\n<meta property=\"og:title\" content=\"Prototyping integrierter elektromechanischer Baugruppen - Alfa Elettronica\" \/>\n<meta property=\"og:description\" content=\"die aufmerksame und flexible anpassung des jeweiligen angebots. F\u00fcr Alfa Elettronica bedeutet das Wort \u201eDienstleistung\u201c. F\u00fcr uns umfasst die Planung\" \/>\n<meta property=\"og:url\" content=\"https:\/\/www.alfaelettronica.com\/de\/prototyping-integrierter-elektromechanischer-baugruppen\/\" \/>\n<meta property=\"og:site_name\" content=\"Alfa Elettronica\" \/>\n<meta property=\"article:modified_time\" content=\"2020-07-06T13:09:54+00:00\" \/>\n<meta name=\"twitter:card\" content=\"summary_large_image\" \/>\n<meta name=\"twitter:label1\" content=\"Gesch\u00e4tzte Lesezeit\" \/>\n\t<meta name=\"twitter:data1\" content=\"1\u00a0Minute\" \/>\n<script type=\"application\/ld+json\" class=\"yoast-schema-graph\">{\"@context\":\"https:\/\/schema.org\",\"@graph\":[{\"@type\":\"WebPage\",\"@id\":\"https:\/\/www.alfaelettronica.com\/de\/prototyping-integrierter-elektromechanischer-baugruppen\/\",\"url\":\"https:\/\/www.alfaelettronica.com\/de\/prototyping-integrierter-elektromechanischer-baugruppen\/\",\"name\":\"Prototyping integrierter elektromechanischer Baugruppen - Alfa Elettronica\",\"isPartOf\":{\"@id\":\"https:\/\/www.alfaelettronica.com\/de\/#website\"},\"datePublished\":\"2020-07-06T10:21:55+00:00\",\"dateModified\":\"2020-07-06T13:09:54+00:00\",\"description\":\"die aufmerksame und flexible anpassung des jeweiligen angebots. F\u00fcr Alfa Elettronica bedeutet das Wort \u201eDienstleistung\u201c. F\u00fcr uns umfasst die Planung\",\"breadcrumb\":{\"@id\":\"https:\/\/www.alfaelettronica.com\/de\/prototyping-integrierter-elektromechanischer-baugruppen\/#breadcrumb\"},\"inLanguage\":\"de\",\"potentialAction\":[{\"@type\":\"ReadAction\",\"target\":[\"https:\/\/www.alfaelettronica.com\/de\/prototyping-integrierter-elektromechanischer-baugruppen\/\"]}]},{\"@type\":\"BreadcrumbList\",\"@id\":\"https:\/\/www.alfaelettronica.com\/de\/prototyping-integrierter-elektromechanischer-baugruppen\/#breadcrumb\",\"itemListElement\":[{\"@type\":\"ListItem\",\"position\":1,\"name\":\"Home\",\"item\":\"https:\/\/www.alfaelettronica.com\/de\/\"},{\"@type\":\"ListItem\",\"position\":2,\"name\":\"Prototyping integrierter elektromechanischer Baugruppen\"}]},{\"@type\":\"WebSite\",\"@id\":\"https:\/\/www.alfaelettronica.com\/de\/#website\",\"url\":\"https:\/\/www.alfaelettronica.com\/de\/\",\"name\":\"Alfa Elettronica\",\"description\":\"Progettazione, ingegnerizzazione, assemblaggio e produzione di componenti e schede elettroniche\",\"publisher\":{\"@id\":\"https:\/\/www.alfaelettronica.com\/de\/#organization\"},\"potentialAction\":[{\"@type\":\"SearchAction\",\"target\":{\"@type\":\"EntryPoint\",\"urlTemplate\":\"https:\/\/www.alfaelettronica.com\/de\/?s={search_term_string}\"},\"query-input\":\"required name=search_term_string\"}],\"inLanguage\":\"de\"},{\"@type\":\"Organization\",\"@id\":\"https:\/\/www.alfaelettronica.com\/de\/#organization\",\"name\":\"Alfa elettronica\",\"url\":\"https:\/\/www.alfaelettronica.com\/de\/\",\"logo\":{\"@type\":\"ImageObject\",\"inLanguage\":\"de\",\"@id\":\"https:\/\/www.alfaelettronica.com\/de\/#\/schema\/logo\/image\/\",\"url\":\"https:\/\/www.alfaelettronica.com\/ae\/wp-content\/uploads\/2020\/05\/logo.png\",\"contentUrl\":\"https:\/\/www.alfaelettronica.com\/ae\/wp-content\/uploads\/2020\/05\/logo.png\",\"width\":130,\"height\":83,\"caption\":\"Alfa elettronica\"},\"image\":{\"@id\":\"https:\/\/www.alfaelettronica.com\/de\/#\/schema\/logo\/image\/\"}}]}<\/script>\n<!-- \/ Yoast SEO plugin. -->","yoast_head_json":{"title":"Prototyping integrierter elektromechanischer Baugruppen - Alfa Elettronica","description":"[vc_section el_class=\"section--seoinfo\"][vc_row][vc_column][vc_custom_heading text=\"Prototyping integrierter elektromechanischer Baugruppen \" font_containe","robots":{"index":"index","follow":"follow","max-snippet":"max-snippet:-1","max-image-preview":"max-image-preview:large","max-video-preview":"max-video-preview:-1"},"canonical":"https:\/\/www.alfaelettronica.com\/de\/prototyping-integrierter-elektromechanischer-baugruppen\/","og_locale":"de_DE","og_type":"article","og_title":"Prototyping integrierter elektromechanischer Baugruppen - Alfa Elettronica","og_description":"die aufmerksame und flexible anpassung des jeweiligen angebots. F\u00fcr Alfa Elettronica bedeutet das Wort \u201eDienstleistung\u201c. F\u00fcr uns umfasst die Planung","og_url":"https:\/\/www.alfaelettronica.com\/de\/prototyping-integrierter-elektromechanischer-baugruppen\/","og_site_name":"Alfa Elettronica","article_modified_time":"2020-07-06T13:09:54+00:00","twitter_card":"summary_large_image","twitter_misc":{"Gesch\u00e4tzte Lesezeit":"1\u00a0Minute"},"schema":{"@context":"https:\/\/schema.org","@graph":[{"@type":"WebPage","@id":"https:\/\/www.alfaelettronica.com\/de\/prototyping-integrierter-elektromechanischer-baugruppen\/","url":"https:\/\/www.alfaelettronica.com\/de\/prototyping-integrierter-elektromechanischer-baugruppen\/","name":"Prototyping integrierter elektromechanischer Baugruppen - Alfa Elettronica","isPartOf":{"@id":"https:\/\/www.alfaelettronica.com\/de\/#website"},"datePublished":"2020-07-06T10:21:55+00:00","dateModified":"2020-07-06T13:09:54+00:00","description":"die aufmerksame und flexible anpassung des jeweiligen angebots. F\u00fcr Alfa Elettronica bedeutet das Wort \u201eDienstleistung\u201c. F\u00fcr uns umfasst die Planung","breadcrumb":{"@id":"https:\/\/www.alfaelettronica.com\/de\/prototyping-integrierter-elektromechanischer-baugruppen\/#breadcrumb"},"inLanguage":"de","potentialAction":[{"@type":"ReadAction","target":["https:\/\/www.alfaelettronica.com\/de\/prototyping-integrierter-elektromechanischer-baugruppen\/"]}]},{"@type":"BreadcrumbList","@id":"https:\/\/www.alfaelettronica.com\/de\/prototyping-integrierter-elektromechanischer-baugruppen\/#breadcrumb","itemListElement":[{"@type":"ListItem","position":1,"name":"Home","item":"https:\/\/www.alfaelettronica.com\/de\/"},{"@type":"ListItem","position":2,"name":"Prototyping integrierter elektromechanischer Baugruppen"}]},{"@type":"WebSite","@id":"https:\/\/www.alfaelettronica.com\/de\/#website","url":"https:\/\/www.alfaelettronica.com\/de\/","name":"Alfa Elettronica","description":"Progettazione, ingegnerizzazione, assemblaggio e produzione di componenti e schede elettroniche","publisher":{"@id":"https:\/\/www.alfaelettronica.com\/de\/#organization"},"potentialAction":[{"@type":"SearchAction","target":{"@type":"EntryPoint","urlTemplate":"https:\/\/www.alfaelettronica.com\/de\/?s={search_term_string}"},"query-input":"required name=search_term_string"}],"inLanguage":"de"},{"@type":"Organization","@id":"https:\/\/www.alfaelettronica.com\/de\/#organization","name":"Alfa elettronica","url":"https:\/\/www.alfaelettronica.com\/de\/","logo":{"@type":"ImageObject","inLanguage":"de","@id":"https:\/\/www.alfaelettronica.com\/de\/#\/schema\/logo\/image\/","url":"https:\/\/www.alfaelettronica.com\/ae\/wp-content\/uploads\/2020\/05\/logo.png","contentUrl":"https:\/\/www.alfaelettronica.com\/ae\/wp-content\/uploads\/2020\/05\/logo.png","width":130,"height":83,"caption":"Alfa elettronica"},"image":{"@id":"https:\/\/www.alfaelettronica.com\/de\/#\/schema\/logo\/image\/"}}]}},"_links":{"self":[{"href":"https:\/\/www.alfaelettronica.com\/de\/wp-json\/wp\/v2\/pages\/1288"}],"collection":[{"href":"https:\/\/www.alfaelettronica.com\/de\/wp-json\/wp\/v2\/pages"}],"about":[{"href":"https:\/\/www.alfaelettronica.com\/de\/wp-json\/wp\/v2\/types\/page"}],"author":[{"embeddable":true,"href":"https:\/\/www.alfaelettronica.com\/de\/wp-json\/wp\/v2\/users\/3"}],"replies":[{"embeddable":true,"href":"https:\/\/www.alfaelettronica.com\/de\/wp-json\/wp\/v2\/comments?post=1288"}],"version-history":[{"count":1,"href":"https:\/\/www.alfaelettronica.com\/de\/wp-json\/wp\/v2\/pages\/1288\/revisions"}],"predecessor-version":[{"id":1289,"href":"https:\/\/www.alfaelettronica.com\/de\/wp-json\/wp\/v2\/pages\/1288\/revisions\/1289"}],"wp:attachment":[{"href":"https:\/\/www.alfaelettronica.com\/de\/wp-json\/wp\/v2\/media?parent=1288"}],"curies":[{"name":"wp","href":"https:\/\/api.w.org\/{rel}","templated":true}]}}