{"id":689,"date":"2020-06-04T05:11:51","date_gmt":"2020-06-04T03:11:51","guid":{"rendered":"http:\/\/alfaelettronica.com\/ae\/produzione\/"},"modified":"2026-03-09T11:20:56","modified_gmt":"2026-03-09T10:20:56","slug":"fertigung","status":"publish","type":"page","link":"https:\/\/www.alfaelettronica.com\/de\/fertigung\/","title":{"rendered":"Fertigung"},"content":{"rendered":"<section class=\"wpb-content-wrapper\"><p>[vc_section el_class=&#8220;section&#8211;company section&#8211;production&#8220;][vc_row][vc_column css=&#8220;.vc_custom_1593513898736{padding-right: 30px !important;padding-left: 30px !important;}&#8220;][vc_column_text]<\/p>\n<div class=\"section--title\" style=\"margin-bottom: 20px !important;\">\n<div class=\"section--title-content-\">\n<h1><b>In allen Techniken und auf modernen Anlagen<\/b><\/h1>\n<\/div>\n<\/div>\n<p>[\/vc_column_text][vc_row_inner][vc_column_inner width=&#8220;1\/2&#8243;][vc_column_text]<\/p>\n<p class=\"section--text\">Die Abl\u00e4ufe in der Fertigung werden in der Arbeitsvorbereitung mit Hilfe eines PPS Systems geplant und gesteuert. Ein modernes CAM System setzen wir zur Erstellung von Best\u00fcckungspl\u00e4nen, St\u00fccklisten und Maschinendaten ein und erm\u00f6glichen dadurch eine reibungslose Produktion der Elektronik-Baugruppen.<br \/>\nWir fertigen mit kurzen Durchlaufzeiten mithilfe von effizienten Fertigungsplanungen und -steuerungen inklusive einer integrierten Leiterplatten- und Bauteilezuf\u00fchrung. Die verf\u00fcgbaren Techniken sind:<\/p>\n<p class=\"section--text\">\u2022 SMT, THT-Best\u00fcckung (auch flexible LP)<br \/>\n\u2022 Einpresstechnik<br \/>\n\u2022 Ger\u00e4temontage<br \/>\n\u2022 Lackieren<br \/>\n\u2022 Vergie\u00dfen<br \/>\n\u2022 ROHS-konforme und konventionelle L\u00f6tprozesse parallel installiert<\/p>\n<p class=\"section--text\">Unsere zwei Produktionslinien bestehen u.a. aus modernen Anlagen der Hersteller Fuji, Asymtec, KurzErsa mit integrierter SPI-Kontrolle, zwei computergesteuerten \u00d6fen und der F\u00e4higkeit, 01005, PQFP, BGA, uBGA und Fine Pitch Komponenten zu montieren.<\/p>\n<p>[\/vc_column_text][\/vc_column_inner][vc_column_inner width=&#8220;1\/2&#8243;][vc_single_image image=&#8220;389&#8243; img_size=&#8220;full&#8220; el_class=&#8220;shadowed&#8220;][\/vc_column_inner][\/vc_row_inner][vc_raw_html]JTNDZGl2JTIwY2xhc3MlM0QlMjJ6aWd6YWctYW5pbWF0aW9uJTIwd3BiX2FuaW1hdGVfd2hlbl9hbG1vc3RfdmlzaWJsZSUyMHdwYl9mYWRlSW4lMjBmYWRlSW4lMjIlM0UlMEElMDklM0NkaXYlMjBjbGFzcyUzRCUyMnppZ3phZyUyMiUzRSUwQSUwOSUzQyUyRmRpdiUzRSUwQSUzQyUyRmRpdiUzRQ==[\/vc_raw_html][vc_column_text]<\/p>\n<div class=\"section--title align--right\">\n<div class=\"section--title-content\">\n<h2><b>SMT Produktionslinie<\/b><\/h2>\n<p class=\"section--text\">Bei unserer SMT-Best\u00fcckung verbinden unsere Best\u00fcckungsautomaten die SMD-Bauelemente mit der Leiterplatte. Die Qualit\u00e4t der Verl\u00f6tungen wird mittels Lotpasteninspektion unmittelbar gepr\u00fcft und im closed loop Verfahren an die Automaten \u00fcbemittelt. Es folgen zwei Anlagen zur Montage von 01005, PQFP, BGA, uBGA und fine pitch Komponenten. Zwei L\u00f6t\u00f6fen jeweils f\u00fcr 20 und 14 Zonen mit computerisierter Steuerung komplettieren die Linie.<\/p>\n<\/div>\n<p><img decoding=\"async\" class=\"wpb_animate_when_almost_visible wpb_fadeIn fadeIn shadowed push--left\" src=\"\/ae\/wp-content\/uploads\/2020\/05\/linea-montaggio-smd.png\" alt=\"Alfa Elettronica | SMT Produktionslinie\" \/><\/p>\n<\/div>\n<p>[\/vc_column_text][vc_raw_html]JTNDZGl2JTIwY2xhc3MlM0QlMjJ6aWd6YWctYW5pbWF0aW9uJTIwd3BiX2FuaW1hdGVfd2hlbl9hbG1vc3RfdmlzaWJsZSUyMHdwYl9mYWRlSW4lMjBmYWRlSW4lMjIlM0UlMEElMDklM0NkaXYlMjBjbGFzcyUzRCUyMnppZ3phZyUyMiUzRSUwQSUwOSUzQyUyRmRpdiUzRSUwQSUzQyUyRmRpdiUzRQ==[\/vc_raw_html][vc_column_text]<\/p>\n<div class=\"section--title\">\n<div class=\"section--title-content\">\n<h2><b>THT Produktionslinie<\/b><\/h2>\n<p class=\"section--text\">Unsere THT Produktionslinie ist mit einem automatischem F\u00f6rderband best\u00fcckt, die die Leiterplatte zum Wellenl\u00f6ten in einen stickstoffgesch\u00fctzten Bereich bringt. Beim Wellenl\u00f6ten werden die Parameter automatisch auf der Basis der eingesetzten Komponenten geregelt, Jede Station wird computertechnisch erfasst und der Status st\u00e4ndig viusualisiert. Komplettiert wird die Linie durch eine Anlage f\u00fcr das Selektivl\u00f6ten oder konventionelles L\u00f6ten von Hand.<\/p>\n<\/div>\n<p><img decoding=\"async\" class=\"wpb_animate_when_almost_visible wpb_fadeIn fadeIn shadowed push--right\" src=\"\/ae\/wp-content\/uploads\/2020\/05\/linea-montaggio-thd.png\" alt=\"Alfa Elettronica | THT Produktionslinie\" \/><\/p>\n<\/div>\n<p>[\/vc_column_text][vc_raw_html]JTNDZGl2JTIwY2xhc3MlM0QlMjJ6aWd6YWctYW5pbWF0aW9uJTIwd3BiX2FuaW1hdGVfd2hlbl9hbG1vc3RfdmlzaWJsZSUyMHdwYl9mYWRlSW4lMjBmYWRlSW4lMjIlM0UlMEElMDklM0NkaXYlMjBjbGFzcyUzRCUyMnppZ3phZyUyMiUzRSUwQSUwOSUzQyUyRmRpdiUzRSUwQSUzQyUyRmRpdiUzRQ==[\/vc_raw_html][vc_column_text]<\/p>\n<div class=\"section--title align--right\">\n<div class=\"section--title-content\">\n<h2><b>Test- und Pr\u00fcfkonzepte<\/b><\/h2>\n<p class=\"section--text\">Da die Automatische Optische Inspektion (AOI) komplexer elektronischer Baugruppen nicht immer als einziges Testverfahren ausreichend ist, um vorgegebene Eigenschaften feststellen und garantieren zu k\u00f6nnen, denken wir weiter:<br \/>\nWir entwickeln deshalb eigene Pr\u00fcf- und Testkonzepte, die auf die besonderen Eigenschaften der Baugruppen und die zu produzierenden St\u00fcckzahlen ausgerichtet sind.<br \/>\nNeben Testverfahren wie In-Circuit-Test, Flying Probe und produktspezifischen elektrischen Funktionstests bieten wir Pr\u00fcfungen mit X-Ray Strahlen an, bei denen auch versteckte L\u00f6tpunkte inspiziert werden k\u00f6nnen.<\/p>\n<\/div>\n<p><img decoding=\"async\" class=\"wpb_animate_when_almost_visible wpb_fadeIn fadeIn push--right big--img--style\" src=\"\/ae\/wp-content\/uploads\/2020\/06\/alfa-elettronica-produzione-verifiche-collaudi.jpg\" alt=\"Alfa Elettronica | Test- und Pr\u00fcfkonzepte\" \/><\/p>\n<\/div>\n<p>[\/vc_column_text][vc_raw_html]JTNDZGl2JTIwY2xhc3MlM0QlMjJ6aWd6YWctYW5pbWF0aW9uJTIwd3BiX2FuaW1hdGVfd2hlbl9hbG1vc3RfdmlzaWJsZSUyMHdwYl9mYWRlSW4lMjBmYWRlSW4lMjIlM0UlMEElMDklM0NkaXYlMjBjbGFzcyUzRCUyMnppZ3phZyUyMiUzRSUwQSUwOSUzQyUyRmRpdiUzRSUwQSUzQyUyRmRpdiUzRQ==[\/vc_raw_html][vc_column_text]<\/p>\n<div class=\"section--title\">\n<div class=\"section--title-content\">\n<h2><b>Schutzlackierung bis Vollverguss<\/b><\/h2>\n<p class=\"section--text\">Ersch\u00fctterungen, Temperaturschwankungen oder Feuchtigkeit gef\u00e4hrden die Funktion von Elektronik. Deshalb sch\u00fctzen wir die Baugruppe auf Wunsch nach der Leiterplatten-Best\u00fcckung mit speziellen Ummantelungsverfahren. Mit Asymtec-Verguss, autoklavierbarer Umspritzung oder Tauchlackierung ist Ihre Idee sicher vor \u00e4u\u00dferen Einfl\u00fcssen gesch\u00fctzt<\/p>\n<\/div>\n<p><img decoding=\"async\" class=\"wpb_animate_when_almost_visible wpb_fadeIn fadeIn push--left shadowed\" src=\"\/ae\/wp-content\/uploads\/alfa-elettronica-produzione-resinatura.png\" alt=\"Alfa Elettronica | Schutzlackierung bis Vollverguss\" \/><\/p>\n<\/div>\n<p>[\/vc_column_text][vc_raw_html]JTNDZGl2JTIwY2xhc3MlM0QlMjJ6aWd6YWctYW5pbWF0aW9uJTIwd3BiX2FuaW1hdGVfd2hlbl9hbG1vc3RfdmlzaWJsZSUyMHdwYl9mYWRlSW4lMjBmYWRlSW4lMjIlM0UlMEElMDklM0NkaXYlMjBjbGFzcyUzRCUyMnppZ3phZyUyMiUzRSUwQSUwOSUzQyUyRmRpdiUzRSUwQSUzQyUyRmRpdiUzRQ==[\/vc_raw_html][vc_column_text]<\/p>\n<div class=\"section--title align--right\">\n<div class=\"section--title-content\">\n<h2><b>Montage elektromechanischer Systeme<\/b><\/h2>\n<p class=\"section--text\">Durch die M\u00f6glichkeit der Komponentenherstellung und durch unsere Infrastrukturen zum Zusammenbau von Teilen sind wir in der Lage, komplette elektromechanische Baugruppen mit der zugeh\u00f6rigen Verdrahtung kosteng\u00fcnstig und kurzfristig zu fertigen.<\/p>\n<\/div>\n<p><img decoding=\"async\" class=\"wpb_animate_when_almost_visible wpb_fadeIn fadeIn shadowed push--right\" src=\"\/ae\/wp-content\/uploads\/alfa-elettronica-produzione-gruppi-elettromeccanici.png\" alt=\"Alfa Elettronica | Elektromechanische Baugruppen\" \/><\/p>\n<\/div>\n<p>[\/vc_column_text][vc_column_text css_animation=&#8220;fadeIn&#8220;][\/vc_column_text][\/vc_column][\/vc_row][\/vc_section]<\/p>\n<\/section>","protected":false},"excerpt":{"rendered":"<p>[vc_section el_class=&#8220;section&#8211;company section&#8211;production&#8220;][vc_row][vc_column css=&#8220;.vc_custom_1593513898736{padding-right: 30px !important;padding-left: 30px !important;}&#8220;][vc_column_text] In allen Techniken und auf modernen Anlagen [\/vc_column_text][vc_row_inner][vc_column_inner width=&#8220;1\/2&#8243;][vc_column_text] Die Abl\u00e4ufe in der Fertigung werden in der Arbeitsvorbereitung mit Hilfe eines PPS Systems geplant und gesteuert. Ein modernes CAM System setzen wir zur Erstellung von Best\u00fcckungspl\u00e4nen, St\u00fccklisten und Maschinendaten ein und erm\u00f6glichen dadurch eine reibungslose Produktion der [&hellip;]<\/p>\n","protected":false},"author":2,"featured_media":0,"parent":0,"menu_order":0,"comment_status":"closed","ping_status":"closed","template":"","meta":{"footnotes":""},"acf":[],"yoast_head":"<!-- This site is optimized with the Yoast SEO plugin v22.6 - https:\/\/yoast.com\/wordpress\/plugins\/seo\/ -->\n<title>Fertigung - Alfa Elettronica<\/title>\n<meta name=\"description\" content=\"[vc_section el_class=&quot;section--company section--production&quot;][vc_row][vc_column css=&quot;.vc_custom_1593513898736{padding-right: 30px !important;padding-left: 3\" \/>\n<meta name=\"robots\" content=\"index, follow, max-snippet:-1, max-image-preview:large, max-video-preview:-1\" \/>\n<link rel=\"canonical\" href=\"https:\/\/www.alfaelettronica.com\/de\/fertigung\/\" \/>\n<meta property=\"og:locale\" content=\"de_DE\" \/>\n<meta property=\"og:type\" content=\"article\" \/>\n<meta property=\"og:title\" content=\"Fertigung - Alfa Elettronica\" \/>\n<meta property=\"og:description\" content=\"In allen Techniken und auf modernen Anlagen Die Abl\u00e4ufe in der Fertigung werden in der Arbeitsvorbereitung mit Hilfe eines PPS Systems geplant und\" \/>\n<meta property=\"og:url\" content=\"https:\/\/www.alfaelettronica.com\/de\/fertigung\/\" \/>\n<meta property=\"og:site_name\" content=\"Alfa Elettronica\" \/>\n<meta property=\"article:modified_time\" content=\"2026-03-09T10:20:56+00:00\" \/>\n<meta name=\"twitter:card\" content=\"summary_large_image\" \/>\n<meta name=\"twitter:label1\" content=\"Gesch\u00e4tzte Lesezeit\" \/>\n\t<meta name=\"twitter:data1\" content=\"4\u00a0Minuten\" \/>\n<script type=\"application\/ld+json\" class=\"yoast-schema-graph\">{\"@context\":\"https:\/\/schema.org\",\"@graph\":[{\"@type\":\"WebPage\",\"@id\":\"https:\/\/www.alfaelettronica.com\/de\/fertigung\/\",\"url\":\"https:\/\/www.alfaelettronica.com\/de\/fertigung\/\",\"name\":\"Fertigung - Alfa Elettronica\",\"isPartOf\":{\"@id\":\"https:\/\/www.alfaelettronica.com\/de\/#website\"},\"datePublished\":\"2020-06-04T03:11:51+00:00\",\"dateModified\":\"2026-03-09T10:20:56+00:00\",\"description\":\"In allen Techniken und auf modernen Anlagen Die Abl\u00e4ufe in der Fertigung werden in der Arbeitsvorbereitung mit Hilfe eines PPS Systems geplant und\",\"breadcrumb\":{\"@id\":\"https:\/\/www.alfaelettronica.com\/de\/fertigung\/#breadcrumb\"},\"inLanguage\":\"de\",\"potentialAction\":[{\"@type\":\"ReadAction\",\"target\":[\"https:\/\/www.alfaelettronica.com\/de\/fertigung\/\"]}]},{\"@type\":\"BreadcrumbList\",\"@id\":\"https:\/\/www.alfaelettronica.com\/de\/fertigung\/#breadcrumb\",\"itemListElement\":[{\"@type\":\"ListItem\",\"position\":1,\"name\":\"Home\",\"item\":\"https:\/\/www.alfaelettronica.com\/de\/\"},{\"@type\":\"ListItem\",\"position\":2,\"name\":\"Fertigung\"}]},{\"@type\":\"WebSite\",\"@id\":\"https:\/\/www.alfaelettronica.com\/de\/#website\",\"url\":\"https:\/\/www.alfaelettronica.com\/de\/\",\"name\":\"Alfa Elettronica\",\"description\":\"Progettazione, ingegnerizzazione, assemblaggio e produzione di componenti e schede elettroniche\",\"publisher\":{\"@id\":\"https:\/\/www.alfaelettronica.com\/de\/#organization\"},\"potentialAction\":[{\"@type\":\"SearchAction\",\"target\":{\"@type\":\"EntryPoint\",\"urlTemplate\":\"https:\/\/www.alfaelettronica.com\/de\/?s={search_term_string}\"},\"query-input\":\"required name=search_term_string\"}],\"inLanguage\":\"de\"},{\"@type\":\"Organization\",\"@id\":\"https:\/\/www.alfaelettronica.com\/de\/#organization\",\"name\":\"Alfa elettronica\",\"url\":\"https:\/\/www.alfaelettronica.com\/de\/\",\"logo\":{\"@type\":\"ImageObject\",\"inLanguage\":\"de\",\"@id\":\"https:\/\/www.alfaelettronica.com\/de\/#\/schema\/logo\/image\/\",\"url\":\"https:\/\/www.alfaelettronica.com\/ae\/wp-content\/uploads\/2020\/05\/logo.png\",\"contentUrl\":\"https:\/\/www.alfaelettronica.com\/ae\/wp-content\/uploads\/2020\/05\/logo.png\",\"width\":130,\"height\":83,\"caption\":\"Alfa elettronica\"},\"image\":{\"@id\":\"https:\/\/www.alfaelettronica.com\/de\/#\/schema\/logo\/image\/\"}}]}<\/script>\n<!-- \/ Yoast SEO plugin. -->","yoast_head_json":{"title":"Fertigung - Alfa Elettronica","description":"[vc_section el_class=\"section--company section--production\"][vc_row][vc_column css=\".vc_custom_1593513898736{padding-right: 30px !important;padding-left: 3","robots":{"index":"index","follow":"follow","max-snippet":"max-snippet:-1","max-image-preview":"max-image-preview:large","max-video-preview":"max-video-preview:-1"},"canonical":"https:\/\/www.alfaelettronica.com\/de\/fertigung\/","og_locale":"de_DE","og_type":"article","og_title":"Fertigung - Alfa Elettronica","og_description":"In allen Techniken und auf modernen Anlagen Die Abl\u00e4ufe in der Fertigung werden in der Arbeitsvorbereitung mit Hilfe eines PPS Systems geplant und","og_url":"https:\/\/www.alfaelettronica.com\/de\/fertigung\/","og_site_name":"Alfa Elettronica","article_modified_time":"2026-03-09T10:20:56+00:00","twitter_card":"summary_large_image","twitter_misc":{"Gesch\u00e4tzte Lesezeit":"4\u00a0Minuten"},"schema":{"@context":"https:\/\/schema.org","@graph":[{"@type":"WebPage","@id":"https:\/\/www.alfaelettronica.com\/de\/fertigung\/","url":"https:\/\/www.alfaelettronica.com\/de\/fertigung\/","name":"Fertigung - Alfa Elettronica","isPartOf":{"@id":"https:\/\/www.alfaelettronica.com\/de\/#website"},"datePublished":"2020-06-04T03:11:51+00:00","dateModified":"2026-03-09T10:20:56+00:00","description":"In allen Techniken und auf modernen Anlagen Die Abl\u00e4ufe in der Fertigung werden in der Arbeitsvorbereitung mit Hilfe eines PPS Systems geplant und","breadcrumb":{"@id":"https:\/\/www.alfaelettronica.com\/de\/fertigung\/#breadcrumb"},"inLanguage":"de","potentialAction":[{"@type":"ReadAction","target":["https:\/\/www.alfaelettronica.com\/de\/fertigung\/"]}]},{"@type":"BreadcrumbList","@id":"https:\/\/www.alfaelettronica.com\/de\/fertigung\/#breadcrumb","itemListElement":[{"@type":"ListItem","position":1,"name":"Home","item":"https:\/\/www.alfaelettronica.com\/de\/"},{"@type":"ListItem","position":2,"name":"Fertigung"}]},{"@type":"WebSite","@id":"https:\/\/www.alfaelettronica.com\/de\/#website","url":"https:\/\/www.alfaelettronica.com\/de\/","name":"Alfa Elettronica","description":"Progettazione, ingegnerizzazione, assemblaggio e produzione di componenti e schede elettroniche","publisher":{"@id":"https:\/\/www.alfaelettronica.com\/de\/#organization"},"potentialAction":[{"@type":"SearchAction","target":{"@type":"EntryPoint","urlTemplate":"https:\/\/www.alfaelettronica.com\/de\/?s={search_term_string}"},"query-input":"required name=search_term_string"}],"inLanguage":"de"},{"@type":"Organization","@id":"https:\/\/www.alfaelettronica.com\/de\/#organization","name":"Alfa elettronica","url":"https:\/\/www.alfaelettronica.com\/de\/","logo":{"@type":"ImageObject","inLanguage":"de","@id":"https:\/\/www.alfaelettronica.com\/de\/#\/schema\/logo\/image\/","url":"https:\/\/www.alfaelettronica.com\/ae\/wp-content\/uploads\/2020\/05\/logo.png","contentUrl":"https:\/\/www.alfaelettronica.com\/ae\/wp-content\/uploads\/2020\/05\/logo.png","width":130,"height":83,"caption":"Alfa elettronica"},"image":{"@id":"https:\/\/www.alfaelettronica.com\/de\/#\/schema\/logo\/image\/"}}]}},"_links":{"self":[{"href":"https:\/\/www.alfaelettronica.com\/de\/wp-json\/wp\/v2\/pages\/689"}],"collection":[{"href":"https:\/\/www.alfaelettronica.com\/de\/wp-json\/wp\/v2\/pages"}],"about":[{"href":"https:\/\/www.alfaelettronica.com\/de\/wp-json\/wp\/v2\/types\/page"}],"author":[{"embeddable":true,"href":"https:\/\/www.alfaelettronica.com\/de\/wp-json\/wp\/v2\/users\/2"}],"replies":[{"embeddable":true,"href":"https:\/\/www.alfaelettronica.com\/de\/wp-json\/wp\/v2\/comments?post=689"}],"version-history":[{"count":22,"href":"https:\/\/www.alfaelettronica.com\/de\/wp-json\/wp\/v2\/pages\/689\/revisions"}],"predecessor-version":[{"id":6078,"href":"https:\/\/www.alfaelettronica.com\/de\/wp-json\/wp\/v2\/pages\/689\/revisions\/6078"}],"wp:attachment":[{"href":"https:\/\/www.alfaelettronica.com\/de\/wp-json\/wp\/v2\/media?parent=689"}],"curies":[{"name":"wp","href":"https:\/\/api.w.org\/{rel}","templated":true}]}}